{"id":10420,"date":"2024-10-02T16:21:17","date_gmt":"2024-10-02T20:21:17","guid":{"rendered":"https:\/\/dev.gouttieresmontreal.com\/?page_id=10420"},"modified":"2024-10-22T10:58:31","modified_gmt":"2024-10-22T14:58:31","slug":"contact-us","status":"publish","type":"page","link":"https:\/\/www.gouttieresmontreal.com\/en\/contact-us\/","title":{"rendered":"Contact Us"},"content":{"rendered":"\t\t<div data-elementor-type=\"wp-page\" data-elementor-id=\"10420\" class=\"elementor elementor-10420 elementor-9931\" data-elementor-post-type=\"page\">\n\t\t\t\t<div class=\"elementor-element elementor-element-516a5cf e-flex e-con-boxed e-con e-parent\" data-id=\"516a5cf\" data-element_type=\"container\" data-settings=\"{&quot;background_background&quot;:&quot;classic&quot;,&quot;jet_parallax_layout_list&quot;:[]}\">\n\t\t\t\t\t<div class=\"e-con-inner\">\n\t\t\t\t<div class=\"elementor-element elementor-element-7a55b95 elementor-widget elementor-widget-heading\" data-id=\"7a55b95\" data-element_type=\"widget\" data-widget_type=\"heading.default\">\n\t\t\t\t<div class=\"elementor-widget-container\">\n\t\t\t\t\t<h1 class=\"elementor-heading-title elementor-size-default\">Contact Goutti\u00e8res Montr\u00e9al<\/h1>\t\t\t\t<\/div>\n\t\t\t\t<\/div>\n\t\t\t\t<div class=\"elementor-element elementor-element-8fd3db8 elementor-align-center elementor-widget elementor-widget-button\" data-id=\"8fd3db8\" data-element_type=\"widget\" data-widget_type=\"button.default\">\n\t\t\t\t<div class=\"elementor-widget-container\">\n\t\t\t\t\t\t\t\t\t<div class=\"elementor-button-wrapper\">\n\t\t\t\t\t<a class=\"elementor-button elementor-button-link elementor-size-sm\" href=\"tel:+15148239222\" target=\"_blank\">\n\t\t\t\t\t\t<span class=\"elementor-button-content-wrapper\">\n\t\t\t\t\t\t\t\t\t<span class=\"elementor-button-text\">514 823-9222<\/span>\n\t\t\t\t\t<\/span>\n\t\t\t\t\t<\/a>\n\t\t\t\t<\/div>\n\t\t\t\t\t\t\t\t<\/div>\n\t\t\t\t<\/div>\n\t\t\t\t\t<\/div>\n\t\t\t\t<\/div>\n\t\t<div class=\"elementor-element elementor-element-a34bca0 e-flex e-con-boxed e-con e-parent\" data-id=\"a34bca0\" data-element_type=\"container\" data-settings=\"{&quot;jet_parallax_layout_list&quot;:[]}\">\n\t\t\t\t\t<div class=\"e-con-inner\">\n\t\t\t\t<div class=\"elementor-element elementor-element-0cd487e elementor-widget elementor-widget-heading\" data-id=\"0cd487e\" data-element_type=\"widget\" data-widget_type=\"heading.default\">\n\t\t\t\t<div class=\"elementor-widget-container\">\n\t\t\t\t\t<h2 class=\"elementor-heading-title elementor-size-default\">Your gutter repair and installation team.<br>Contact us!<\/h2>\t\t\t\t<\/div>\n\t\t\t\t<\/div>\n\t\t\t\t<div class=\"elementor-element elementor-element-82ade52 elementor-widget elementor-widget-heading\" data-id=\"82ade52\" data-element_type=\"widget\" data-widget_type=\"heading.default\">\n\t\t\t\t<div class=\"elementor-widget-container\">\n\t\t\t\t\t<h3 class=\"elementor-heading-title elementor-size-default\">Contact Goutti\u00e8res Montr\u00e9al to get a free estimate.<\/h3>\t\t\t\t<\/div>\n\t\t\t\t<\/div>\n\t\t\t\t<div class=\"elementor-element elementor-element-2041f77 elementor-widget elementor-widget-text-editor\" data-id=\"2041f77\" data-element_type=\"widget\" data-widget_type=\"text-editor.default\">\n\t\t\t\t<div class=\"elementor-widget-container\">\n\t\t\t\t\t\t\t\t\t<p>Contact us to get a free estimate for the installation or repair of your gutters.<br \/>Goutti\u00e8res Montr\u00e9al comes to you!<br \/>Our expert will evaluate the job that needs to be done on your house or your store, whether you are in Montreal, LaSalle, Repentigny or the surroundings.<\/p><p>Whether you need to install new gutters or fix the old ones, we will give you an estimate of the total cost, without obligation.<br \/>Don\u2019t let water invade your house and choose sturdy and long-lasting Alu-Rex gutters.<\/p><p><strong><span style=\"color: #f97352;\">Contact Goutti\u00e8res Montr\u00e9al today!<\/span><\/strong><\/p>\t\t\t\t\t\t\t\t<\/div>\n\t\t\t\t<\/div>\n\t\t\t\t\t<\/div>\n\t\t\t\t<\/div>\n\t\t<div class=\"elementor-element elementor-element-8334daf e-flex e-con-boxed e-con e-parent\" data-id=\"8334daf\" data-element_type=\"container\" data-settings=\"{&quot;background_background&quot;:&quot;classic&quot;,&quot;jet_parallax_layout_list&quot;:[]}\">\n\t\t\t\t\t<div class=\"e-con-inner\">\n\t\t<div class=\"elementor-element elementor-element-f6551f0 e-con-full e-flex e-con e-child\" data-id=\"f6551f0\" data-element_type=\"container\" data-settings=\"{&quot;jet_parallax_layout_list&quot;:[]}\">\n\t\t\t\t<div class=\"elementor-element elementor-element-0850abb elementor-widget elementor-widget-heading\" data-id=\"0850abb\" data-element_type=\"widget\" data-widget_type=\"heading.default\">\n\t\t\t\t<div class=\"elementor-widget-container\">\n\t\t\t\t\t<h2 class=\"elementor-heading-title elementor-size-default\">Write Us<\/h2>\t\t\t\t<\/div>\n\t\t\t\t<\/div>\n\t\t\t\t<div class=\"elementor-element elementor-element-792ed17 elementor-button-align-start elementor-widget elementor-widget-form\" data-id=\"792ed17\" data-element_type=\"widget\" data-settings=\"{&quot;step_next_label&quot;:&quot;Next&quot;,&quot;step_previous_label&quot;:&quot;Previous&quot;,&quot;button_width&quot;:&quot;100&quot;,&quot;step_type&quot;:&quot;number_text&quot;,&quot;step_icon_shape&quot;:&quot;circle&quot;}\" data-widget_type=\"form.default\">\n\t\t\t\t<div class=\"elementor-widget-container\">\n\t\t\t\t\t\t\t<form class=\"elementor-form\" method=\"post\" name=\"New Form\">\n\t\t\t<input type=\"hidden\" name=\"post_id\" value=\"10420\"\/>\n\t\t\t<input type=\"hidden\" name=\"form_id\" value=\"792ed17\"\/>\n\t\t\t<input type=\"hidden\" name=\"referer_title\" value=\"Goutti\u00e8res Montr\u00e9al\" \/>\n\n\t\t\t\n\t\t\t<div class=\"elementor-form-fields-wrapper elementor-labels-\">\n\t\t\t\t\t\t\t\t<div class=\"elementor-field-type-text elementor-field-group elementor-column elementor-field-group-name elementor-col-100 elementor-field-required\">\n\t\t\t\t\t\t\t\t\t\t\t\t<label for=\"form-field-name\" class=\"elementor-field-label elementor-screen-only\">\n\t\t\t\t\t\t\t\tName\t\t\t\t\t\t\t<\/label>\n\t\t\t\t\t\t\t\t\t\t\t\t\t\t<input size=\"1\" type=\"text\" name=\"form_fields[name]\" id=\"form-field-name\" class=\"elementor-field elementor-size-md  elementor-field-textual\" placeholder=\"First Name and Last Name *\" required=\"required\" aria-required=\"true\">\n\t\t\t\t\t\t\t\t\t\t\t<\/div>\n\t\t\t\t\t\t\t\t<div class=\"elementor-field-type-tel elementor-field-group elementor-column elementor-field-group-field_8ad5668 elementor-col-100 elementor-field-required\">\n\t\t\t\t\t\t\t\t\t\t\t\t<label for=\"form-field-field_8ad5668\" class=\"elementor-field-label elementor-screen-only\">\n\t\t\t\t\t\t\t\tT\u00e9l\u00e9phone\t\t\t\t\t\t\t<\/label>\n\t\t\t\t\t\t\t\t<input size=\"1\" type=\"tel\" name=\"form_fields[field_8ad5668]\" id=\"form-field-field_8ad5668\" class=\"elementor-field elementor-size-md  elementor-field-textual\" placeholder=\"Phone *\" required=\"required\" aria-required=\"true\" pattern=\"[0-9()#&amp;+*-=.]+\" title=\"Only numbers and phone characters (#, -, *, etc) are accepted.\">\n\n\t\t\t\t\t\t<\/div>\n\t\t\t\t\t\t\t\t<div class=\"elementor-field-type-email elementor-field-group elementor-column elementor-field-group-email elementor-col-100 elementor-field-required\">\n\t\t\t\t\t\t\t\t\t\t\t\t<label for=\"form-field-email\" class=\"elementor-field-label elementor-screen-only\">\n\t\t\t\t\t\t\t\tEmail\t\t\t\t\t\t\t<\/label>\n\t\t\t\t\t\t\t\t\t\t\t\t\t\t<input size=\"1\" type=\"email\" name=\"form_fields[email]\" id=\"form-field-email\" class=\"elementor-field elementor-size-md  elementor-field-textual\" placeholder=\"Email *\" required=\"required\" aria-required=\"true\">\n\t\t\t\t\t\t\t\t\t\t\t<\/div>\n\t\t\t\t\t\t\t\t<div class=\"elementor-field-type-textarea elementor-field-group elementor-column elementor-field-group-message elementor-col-100 elementor-field-required\">\n\t\t\t\t\t\t\t\t\t\t\t\t<label for=\"form-field-message\" class=\"elementor-field-label elementor-screen-only\">\n\t\t\t\t\t\t\t\tMessage\t\t\t\t\t\t\t<\/label>\n\t\t\t\t\t\t<textarea class=\"elementor-field-textual elementor-field  elementor-size-md\" name=\"form_fields[message]\" id=\"form-field-message\" rows=\"4\" placeholder=\"Message *\" required=\"required\" aria-required=\"true\"><\/textarea>\t\t\t\t<\/div>\n\t\t\t\t\t\t\t\t<div class=\"elementor-field-group elementor-column elementor-field-type-submit elementor-col-100 e-form__buttons\">\n\t\t\t\t\t<button class=\"elementor-button elementor-size-sm\" type=\"submit\">\n\t\t\t\t\t\t<span class=\"elementor-button-content-wrapper\">\n\t\t\t\t\t\t\t\t\t\t\t\t\t\t\t\t\t\t\t\t\t\t<span class=\"elementor-button-text\">Send<\/span>\n\t\t\t\t\t\t\t\t\t\t\t\t\t<\/span>\n\t\t\t\t\t<\/button>\n\t\t\t\t<\/div>\n\t\t\t<\/div>\n\t\t<\/form>\n\t\t\t\t\t\t<\/div>\n\t\t\t\t<\/div>\n\t\t\t\t<\/div>\n\t\t<div class=\"elementor-element elementor-element-0fd1219 e-con-full e-flex e-con e-child\" data-id=\"0fd1219\" data-element_type=\"container\" data-settings=\"{&quot;background_background&quot;:&quot;classic&quot;,&quot;jet_parallax_layout_list&quot;:[]}\">\n\t\t\t\t<div class=\"elementor-element elementor-element-1270c1e elementor-widget elementor-widget-heading\" data-id=\"1270c1e\" data-element_type=\"widget\" data-widget_type=\"heading.default\">\n\t\t\t\t<div class=\"elementor-widget-container\">\n\t\t\t\t\t<h3 class=\"elementor-heading-title elementor-size-default\">Goutti\u00e8res Montr\u00e9al<\/h3>\t\t\t\t<\/div>\n\t\t\t\t<\/div>\n\t\t\t\t<div class=\"elementor-element elementor-element-c78dd7f elementor-icon-list--layout-traditional elementor-list-item-link-full_width elementor-widget elementor-widget-icon-list\" data-id=\"c78dd7f\" data-element_type=\"widget\" data-widget_type=\"icon-list.default\">\n\t\t\t\t<div class=\"elementor-widget-container\">\n\t\t\t\t\t\t\t<ul class=\"elementor-icon-list-items\">\n\t\t\t\t\t\t\t<li class=\"elementor-icon-list-item\">\n\t\t\t\t\t\t\t\t\t\t\t<a href=\"https:\/\/www.google.com\/maps\/place\/1221+Rue+Tellier,+Laval,+QC+H7C+2H1,+Canada\/@45.6161484,-73.658523,17z\/data=!4m6!3m5!1s0x4cc9202558d480e9:0x10373bb4fa03a84e!8m2!3d45.6161484!4d-73.658523!16s%2Fg%2F11cskfq2pz?entry=ttu\">\n\n\t\t\t\t\t\t\t\t\t\t\t\t<span class=\"elementor-icon-list-icon\">\n\t\t\t\t\t\t\t<svg aria-hidden=\"true\" class=\"e-font-icon-svg e-fas-map-marker-alt\" viewBox=\"0 0 384 512\" xmlns=\"http:\/\/www.w3.org\/2000\/svg\"><path d=\"M172.268 501.67C26.97 291.031 0 269.413 0 192 0 85.961 85.961 0 192 0s192 85.961 192 192c0 77.413-26.97 99.031-172.268 309.67-9.535 13.774-29.93 13.773-39.464 0zM192 272c44.183 0 80-35.817 80-80s-35.817-80-80-80-80 35.817-80 80 35.817 80 80 80z\"><\/path><\/svg>\t\t\t\t\t\t<\/span>\n\t\t\t\t\t\t\t\t\t\t<span class=\"elementor-icon-list-text\">1221, Tellier Street, Laval, QC, H7C 2H1<\/span>\n\t\t\t\t\t\t\t\t\t\t\t<\/a>\n\t\t\t\t\t\t\t\t\t<\/li>\n\t\t\t\t\t\t\t\t<li class=\"elementor-icon-list-item\">\n\t\t\t\t\t\t\t\t\t\t\t<a href=\"tel:+15148239222\">\n\n\t\t\t\t\t\t\t\t\t\t\t\t<span class=\"elementor-icon-list-icon\">\n\t\t\t\t\t\t\t<svg aria-hidden=\"true\" class=\"e-font-icon-svg e-fas-phone-alt\" viewBox=\"0 0 512 512\" xmlns=\"http:\/\/www.w3.org\/2000\/svg\"><path d=\"M497.39 361.8l-112-48a24 24 0 0 0-28 6.9l-49.6 60.6A370.66 370.66 0 0 1 130.6 204.11l60.6-49.6a23.94 23.94 0 0 0 6.9-28l-48-112A24.16 24.16 0 0 0 122.6.61l-104 24A24 24 0 0 0 0 48c0 256.5 207.9 464 464 464a24 24 0 0 0 23.4-18.6l24-104a24.29 24.29 0 0 0-14.01-27.6z\"><\/path><\/svg>\t\t\t\t\t\t<\/span>\n\t\t\t\t\t\t\t\t\t\t<span class=\"elementor-icon-list-text\">(514) 823-9222<\/span>\n\t\t\t\t\t\t\t\t\t\t\t<\/a>\n\t\t\t\t\t\t\t\t\t<\/li>\n\t\t\t\t\t\t<\/ul>\n\t\t\t\t\t\t<\/div>\n\t\t\t\t<\/div>\n\t\t\t\t<div class=\"elementor-element elementor-element-a9dc41f elementor-widget elementor-widget-heading\" data-id=\"a9dc41f\" data-element_type=\"widget\" data-widget_type=\"heading.default\">\n\t\t\t\t<div class=\"elementor-widget-container\">\n\t\t\t\t\t<h3 class=\"elementor-heading-title elementor-size-default\">Business hours<\/h3>\t\t\t\t<\/div>\n\t\t\t\t<\/div>\n\t\t\t\t<div class=\"elementor-element elementor-element-00bd375 elementor-widget elementor-widget-text-editor\" data-id=\"00bd375\" data-element_type=\"widget\" data-widget_type=\"text-editor.default\">\n\t\t\t\t<div class=\"elementor-widget-container\">\n\t\t\t\t\t\t\t\t\t<p>Monday &#8211; Friday : 8:00 AM\u20145:00 PM<br \/>Saturday &#8211; Sunday : Closed<\/p>\t\t\t\t\t\t\t\t<\/div>\n\t\t\t\t<\/div>\n\t\t\t\t<\/div>\n\t\t\t\t\t<\/div>\n\t\t\t\t<\/div>\n\t\t<div class=\"elementor-element elementor-element-f97c17f e-con-full e-flex e-con e-parent\" data-id=\"f97c17f\" data-element_type=\"container\" data-settings=\"{&quot;jet_parallax_layout_list&quot;:[]}\">\n\t\t\t\t<div class=\"elementor-element elementor-element-e921d46 elementor-widget elementor-widget-html\" data-id=\"e921d46\" data-element_type=\"widget\" data-widget_type=\"html.default\">\n\t\t\t\t<div class=\"elementor-widget-container\">\n\t\t\t\t\t<iframe src=\"https:\/\/www.google.com\/maps\/embed?pb=!1m18!1m12!1m3!1d4696.20177615509!2d-73.65875335477791!3d45.61586668827987!2m3!1f0!2f0!3f0!3m2!1i1024!2i768!4f13.1!3m3!1m2!1s0x4cc9202558d480e9%3A0x10373bb4fa03a84e!2s1221%20Rue%20Tellier%2C%20Laval%2C%20QC%20H7C%202H1%2C%20Canada!5e0!3m2!1sen!2s!4v1723104097731!5m2!1sen!2s\" width=\"100%\" height=\"600\" style=\"border:0;\" allowfullscreen=\"\" loading=\"lazy\" referrerpolicy=\"no-referrer-when-downgrade\"><\/iframe>\t\t\t\t<\/div>\n\t\t\t\t<\/div>\n\t\t\t\t<\/div>\n\t\t\t\t<\/div>\n\t\t","protected":false},"excerpt":{"rendered":"<p>Contact Goutti\u00e8res Montr\u00e9al 514 823-9222 Your gutter repair and installation team.Contact us! Contact Goutti\u00e8res Montr\u00e9al to get a free estimate. Contact us to get a free estimate for the installation or repair of your gutters.Goutti\u00e8res Montr\u00e9al comes to you!Our expert will evaluate the job that needs to be done on your house or your store, [&hellip;]<\/p>\n","protected":false},"author":29,"featured_media":0,"parent":0,"menu_order":0,"comment_status":"closed","ping_status":"closed","template":"","meta":{"footnotes":""},"class_list":["post-10420","page","type-page","status-publish","hentry"],"yoast_head":"<!-- This site is optimized with the Yoast SEO plugin v23.1 - https:\/\/yoast.com\/wordpress\/plugins\/seo\/ -->\n<title>Contact Us - Goutti\u00e8res Montr\u00e9al<\/title>\n<meta name=\"robots\" content=\"index, follow, max-snippet:-1, max-image-preview:large, max-video-preview:-1\" \/>\n<link rel=\"canonical\" href=\"https:\/\/www.gouttieresmontreal.com\/en\/contact-us\/\" \/>\n<meta property=\"og:locale\" content=\"en_US\" \/>\n<meta property=\"og:type\" content=\"article\" \/>\n<meta property=\"og:title\" content=\"Contact Us - Goutti\u00e8res Montr\u00e9al\" \/>\n<meta property=\"og:description\" content=\"Contact Goutti\u00e8res Montr\u00e9al 514 823-9222 Your gutter repair and installation team.Contact us! Contact Goutti\u00e8res Montr\u00e9al to get a free estimate. Contact us to get a free estimate for the installation or repair of your gutters.Goutti\u00e8res Montr\u00e9al comes to you!Our expert will evaluate the job that needs to be done on your house or your store, [&hellip;]\" \/>\n<meta property=\"og:url\" content=\"https:\/\/www.gouttieresmontreal.com\/en\/contact-us\/\" \/>\n<meta property=\"og:site_name\" content=\"Goutti\u00e8res Montr\u00e9al\" \/>\n<meta property=\"article:modified_time\" content=\"2024-10-22T14:58:31+00:00\" \/>\n<meta name=\"twitter:card\" content=\"summary_large_image\" \/>\n<meta name=\"twitter:label1\" content=\"Est. reading time\" \/>\n\t<meta name=\"twitter:data1\" content=\"1 minute\" \/>\n<script type=\"application\/ld+json\" class=\"yoast-schema-graph\">{\"@context\":\"https:\/\/schema.org\",\"@graph\":[{\"@type\":\"WebPage\",\"@id\":\"https:\/\/www.gouttieresmontreal.com\/en\/contact-us\/\",\"url\":\"https:\/\/www.gouttieresmontreal.com\/en\/contact-us\/\",\"name\":\"Contact Us - Goutti\u00e8res Montr\u00e9al\",\"isPartOf\":{\"@id\":\"https:\/\/www.gouttieresmontreal.com\/#website\"},\"datePublished\":\"2024-10-02T20:21:17+00:00\",\"dateModified\":\"2024-10-22T14:58:31+00:00\",\"breadcrumb\":{\"@id\":\"https:\/\/www.gouttieresmontreal.com\/en\/contact-us\/#breadcrumb\"},\"inLanguage\":\"en-CA\",\"potentialAction\":[{\"@type\":\"ReadAction\",\"target\":[\"https:\/\/www.gouttieresmontreal.com\/en\/contact-us\/\"]}]},{\"@type\":\"BreadcrumbList\",\"@id\":\"https:\/\/www.gouttieresmontreal.com\/en\/contact-us\/#breadcrumb\",\"itemListElement\":[{\"@type\":\"ListItem\",\"position\":1,\"name\":\"Home\",\"item\":\"https:\/\/www.gouttieresmontreal.com\/en\/\"},{\"@type\":\"ListItem\",\"position\":2,\"name\":\"Contact Us\"}]},{\"@type\":\"WebSite\",\"@id\":\"https:\/\/www.gouttieresmontreal.com\/#website\",\"url\":\"https:\/\/www.gouttieresmontreal.com\/\",\"name\":\"Goutti\u00e8res Montr\u00e9al\",\"description\":\"\",\"publisher\":{\"@id\":\"https:\/\/www.gouttieresmontreal.com\/#organization\"},\"potentialAction\":[{\"@type\":\"SearchAction\",\"target\":{\"@type\":\"EntryPoint\",\"urlTemplate\":\"https:\/\/www.gouttieresmontreal.com\/?s={search_term_string}\"},\"query-input\":\"required name=search_term_string\"}],\"inLanguage\":\"en-CA\"},{\"@type\":\"Organization\",\"@id\":\"https:\/\/www.gouttieresmontreal.com\/#organization\",\"name\":\"Goutti\u00e8res Montr\u00e9al\",\"url\":\"https:\/\/www.gouttieresmontreal.com\/\",\"logo\":{\"@type\":\"ImageObject\",\"inLanguage\":\"en-CA\",\"@id\":\"https:\/\/www.gouttieresmontreal.com\/#\/schema\/logo\/image\/\",\"url\":\"https:\/\/www.gouttieresmontreal.com\/wp-content\/uploads\/logo.png\",\"contentUrl\":\"https:\/\/www.gouttieresmontreal.com\/wp-content\/uploads\/logo.png\",\"width\":141,\"height\":60,\"caption\":\"Goutti\u00e8res Montr\u00e9al\"},\"image\":{\"@id\":\"https:\/\/www.gouttieresmontreal.com\/#\/schema\/logo\/image\/\"}}]}<\/script>\n<!-- \/ Yoast SEO plugin. -->","yoast_head_json":{"title":"Contact Us - Goutti\u00e8res Montr\u00e9al","robots":{"index":"index","follow":"follow","max-snippet":"max-snippet:-1","max-image-preview":"max-image-preview:large","max-video-preview":"max-video-preview:-1"},"canonical":"https:\/\/www.gouttieresmontreal.com\/en\/contact-us\/","og_locale":"en_US","og_type":"article","og_title":"Contact Us - Goutti\u00e8res Montr\u00e9al","og_description":"Contact Goutti\u00e8res Montr\u00e9al 514 823-9222 Your gutter repair and installation team.Contact us! Contact Goutti\u00e8res Montr\u00e9al to get a free estimate. Contact us to get a free estimate for the installation or repair of your gutters.Goutti\u00e8res Montr\u00e9al comes to you!Our expert will evaluate the job that needs to be done on your house or your store, [&hellip;]","og_url":"https:\/\/www.gouttieresmontreal.com\/en\/contact-us\/","og_site_name":"Goutti\u00e8res Montr\u00e9al","article_modified_time":"2024-10-22T14:58:31+00:00","twitter_card":"summary_large_image","twitter_misc":{"Est. reading time":"1 minute"},"schema":{"@context":"https:\/\/schema.org","@graph":[{"@type":"WebPage","@id":"https:\/\/www.gouttieresmontreal.com\/en\/contact-us\/","url":"https:\/\/www.gouttieresmontreal.com\/en\/contact-us\/","name":"Contact Us - Goutti\u00e8res Montr\u00e9al","isPartOf":{"@id":"https:\/\/www.gouttieresmontreal.com\/#website"},"datePublished":"2024-10-02T20:21:17+00:00","dateModified":"2024-10-22T14:58:31+00:00","breadcrumb":{"@id":"https:\/\/www.gouttieresmontreal.com\/en\/contact-us\/#breadcrumb"},"inLanguage":"en-CA","potentialAction":[{"@type":"ReadAction","target":["https:\/\/www.gouttieresmontreal.com\/en\/contact-us\/"]}]},{"@type":"BreadcrumbList","@id":"https:\/\/www.gouttieresmontreal.com\/en\/contact-us\/#breadcrumb","itemListElement":[{"@type":"ListItem","position":1,"name":"Home","item":"https:\/\/www.gouttieresmontreal.com\/en\/"},{"@type":"ListItem","position":2,"name":"Contact Us"}]},{"@type":"WebSite","@id":"https:\/\/www.gouttieresmontreal.com\/#website","url":"https:\/\/www.gouttieresmontreal.com\/","name":"Goutti\u00e8res Montr\u00e9al","description":"","publisher":{"@id":"https:\/\/www.gouttieresmontreal.com\/#organization"},"potentialAction":[{"@type":"SearchAction","target":{"@type":"EntryPoint","urlTemplate":"https:\/\/www.gouttieresmontreal.com\/?s={search_term_string}"},"query-input":"required name=search_term_string"}],"inLanguage":"en-CA"},{"@type":"Organization","@id":"https:\/\/www.gouttieresmontreal.com\/#organization","name":"Goutti\u00e8res Montr\u00e9al","url":"https:\/\/www.gouttieresmontreal.com\/","logo":{"@type":"ImageObject","inLanguage":"en-CA","@id":"https:\/\/www.gouttieresmontreal.com\/#\/schema\/logo\/image\/","url":"https:\/\/www.gouttieresmontreal.com\/wp-content\/uploads\/logo.png","contentUrl":"https:\/\/www.gouttieresmontreal.com\/wp-content\/uploads\/logo.png","width":141,"height":60,"caption":"Goutti\u00e8res Montr\u00e9al"},"image":{"@id":"https:\/\/www.gouttieresmontreal.com\/#\/schema\/logo\/image\/"}}]}},"_links":{"self":[{"href":"https:\/\/www.gouttieresmontreal.com\/en\/wp-json\/wp\/v2\/pages\/10420"}],"collection":[{"href":"https:\/\/www.gouttieresmontreal.com\/en\/wp-json\/wp\/v2\/pages"}],"about":[{"href":"https:\/\/www.gouttieresmontreal.com\/en\/wp-json\/wp\/v2\/types\/page"}],"author":[{"embeddable":true,"href":"https:\/\/www.gouttieresmontreal.com\/en\/wp-json\/wp\/v2\/users\/29"}],"replies":[{"embeddable":true,"href":"https:\/\/www.gouttieresmontreal.com\/en\/wp-json\/wp\/v2\/comments?post=10420"}],"version-history":[{"count":26,"href":"https:\/\/www.gouttieresmontreal.com\/en\/wp-json\/wp\/v2\/pages\/10420\/revisions"}],"predecessor-version":[{"id":11073,"href":"https:\/\/www.gouttieresmontreal.com\/en\/wp-json\/wp\/v2\/pages\/10420\/revisions\/11073"}],"wp:attachment":[{"href":"https:\/\/www.gouttieresmontreal.com\/en\/wp-json\/wp\/v2\/media?parent=10420"}],"curies":[{"name":"wp","href":"https:\/\/api.w.org\/{rel}","templated":true}]}}